{"id":255,"date":"2025-08-08T08:56:32","date_gmt":"2025-08-08T06:56:32","guid":{"rendered":"https:\/\/sfl-web.de\/blog\/?page_id=255"},"modified":"2025-08-11T14:32:40","modified_gmt":"2025-08-11T12:32:40","slug":"impressum","status":"publish","type":"page","link":"https:\/\/sfl-web.de\/blog\/fan-club\/impressum\/","title":{"rendered":"Impressum"},"content":{"rendered":"\n<h2 class=\"wp-block-heading\">Angaben gem\u00e4\u00df \u00a7 5 TMG:<\/h2>\n\n\n\n<p>Schalker Freunde Lippe e.\u202fV.<br>Burgstra\u00dfe 11<br>32791 Lage<\/p>\n\n\n\n<h2 class=\"wp-block-heading\">Vertreten durch:<\/h2>\n\n\n\n<p>Der Verein wird gesetzlich vertreten durch den Vorstand gem\u00e4\u00df \u00a7 26 BGB:<br>1. Vorsitzender: Ulrich Stukenbrok<\/p>\n\n\n\n<h2 class=\"wp-block-heading\">Kontakt:<\/h2>\n\n\n\n<p>E-Mail: info@schalkerfreunde-lippe.de<br>Webseite: www.schalkerfreunde-lippe.de<\/p>\n\n\n\n<h2 class=\"wp-block-heading\">Registereintrag:<\/h2>\n\n\n\n<p>Der Verein ist eingetragen im Vereinsregister.<br>Registergericht: Amtsgericht Lemgo<br>Registernummer: VR 1830<\/p>\n\n\n\n<h2 class=\"wp-block-heading\">Verantwortlich f\u00fcr den Inhalt nach \u00a7 55 Abs. 2 RStV:<\/h2>\n\n\n\n<p>Schalker Freunde Lippe e.V.<br>Burgstra\u00dfe 11<br>32791 Lage<\/p>\n\n\n\n<h2 class=\"wp-block-heading\">Haftungsausschluss:<\/h2>\n\n\n\n<h3 class=\"wp-block-heading\">Haftung f\u00fcr Inhalte<\/h3>\n\n\n\n<p>Als Diensteanbieter sind wir gem\u00e4\u00df \u00a7\u202f7 Abs.\u202f1 TMG f\u00fcr eigene Inhalte auf diesen Seiten nach den allgemeinen Gesetzen verantwortlich. Nach \u00a7\u00a7\u202f8 bis 10 TMG sind wir als Diensteanbieter jedoch nicht verpflichtet, \u00fcbermittelte oder gespeicherte fremde Informationen zu \u00fcberwachen oder nach Umst\u00e4nden zu forschen, die auf eine rechtswidrige T\u00e4tigkeit hinweisen.<br><br>Verpflichtungen zur Entfernung oder Sperrung der Nutzung von Informationen nach den allgemeinen Gesetzen bleiben hiervon unber\u00fchrt. Eine diesbez\u00fcgliche Haftung ist jedoch erst ab dem Zeitpunkt der Kenntnis einer konkreten Rechtsverletzung m\u00f6glich. Bei Bekanntwerden entsprechender Rechtsverletzungen werden wir diese Inhalte umgehend entfernen.<\/p>\n\n\n\n<h3 class=\"wp-block-heading\">Haftung f\u00fcr Links<\/h3>\n\n\n\n<p>Unser Angebot enth\u00e4lt Links zu externen Websites Dritter, auf deren Inhalte wir keinen Einfluss haben. Deshalb k\u00f6nnen wir f\u00fcr diese fremden Inhalte auch keine Gew\u00e4hr \u00fcbernehmen. F\u00fcr die Inhalte der verlinkten Seiten ist stets der jeweilige Anbieter oder Betreiber der Seiten verantwortlich.<br><br>Bei Bekanntwerden von Rechtsverletzungen werden wir derartige Links umgehend entfernen.<\/p>\n\n\n\n<h2 class=\"wp-block-heading\">Urheberrecht:<\/h2>\n\n\n\n<p>Die durch die Seitenbetreiber erstellten Inhalte und Werke auf diesen Seiten unterliegen dem deutschen Urheberrecht. Beitr\u00e4ge Dritter sind als solche gekennzeichnet. Die Vervielf\u00e4ltigung, Bearbeitung, Verbreitung und jede Art der Verwertung au\u00dferhalb der Grenzen des Urheberrechtes bed\u00fcrfen der schriftlichen Zustimmung des jeweiligen Autors bzw. Erstellers.<\/p>\n\n\n\n<h2 class=\"wp-block-heading\">G\u00fcltigkeit f\u00fcr soziale Netzwerke:<\/h2>\n\n\n\n<p>Dieses Impressum gilt auch f\u00fcr unsere Auftritte auf Social Media, soweit vorhanden (z.\u202fB. Facebook, Instagram etc.).<\/p>\n","protected":false},"excerpt":{"rendered":"<p>Angaben gem\u00e4\u00df \u00a7 5 TMG: Schalker Freunde Lippe e.\u202fV.Burgstra\u00dfe 1132791 Lage Vertreten durch: Der Verein wird gesetzlich vertreten durch den Vorstand gem\u00e4\u00df \u00a7 26 BGB:1. Vorsitzender: Ulrich Stukenbrok Kontakt: E-Mail: info@schalkerfreunde-lippe.deWebseite: www.schalkerfreunde-lippe.de Registereintrag: Der Verein ist eingetragen im Vereinsregister.Registergericht: Amtsgericht LemgoRegisternummer: VR 1830 Verantwortlich f\u00fcr den Inhalt nach \u00a7 55 Abs. 2 RStV: Schalker Freunde [&hellip;]<\/p>\n","protected":false},"author":1,"featured_media":0,"parent":195,"menu_order":8,"comment_status":"closed","ping_status":"closed","template":"","meta":{"footnotes":""},"class_list":["post-255","page","type-page","status-publish","hentry"],"_links":{"self":[{"href":"https:\/\/sfl-web.de\/blog\/wp-json\/wp\/v2\/pages\/255","targetHints":{"allow":["GET"]}}],"collection":[{"href":"https:\/\/sfl-web.de\/blog\/wp-json\/wp\/v2\/pages"}],"about":[{"href":"https:\/\/sfl-web.de\/blog\/wp-json\/wp\/v2\/types\/page"}],"author":[{"embeddable":true,"href":"https:\/\/sfl-web.de\/blog\/wp-json\/wp\/v2\/users\/1"}],"replies":[{"embeddable":true,"href":"https:\/\/sfl-web.de\/blog\/wp-json\/wp\/v2\/comments?post=255"}],"version-history":[{"count":1,"href":"https:\/\/sfl-web.de\/blog\/wp-json\/wp\/v2\/pages\/255\/revisions"}],"predecessor-version":[{"id":256,"href":"https:\/\/sfl-web.de\/blog\/wp-json\/wp\/v2\/pages\/255\/revisions\/256"}],"up":[{"embeddable":true,"href":"https:\/\/sfl-web.de\/blog\/wp-json\/wp\/v2\/pages\/195"}],"wp:attachment":[{"href":"https:\/\/sfl-web.de\/blog\/wp-json\/wp\/v2\/media?parent=255"}],"curies":[{"name":"wp","href":"https:\/\/api.w.org\/{rel}","templated":true}]}}